{"id":18,"date":"2020-06-10T09:19:28","date_gmt":"2020-06-10T07:19:28","guid":{"rendered":"https:\/\/balticseaside.com\/?page_id=18"},"modified":"2023-08-24T12:48:14","modified_gmt":"2023-08-24T10:48:14","slug":"o-nas","status":"publish","type":"page","link":"https:\/\/annapobierowo.pl\/de\/","title":{"rendered":"O nas"},"content":{"rendered":"<section id=\"top\" class=\"oxy-video-background ct-section\" ><div class='oxy-video-container'><video autoplay loop playsinline muted><source src='https:\/\/annapobierowo.pl\/wp-content\/uploads\/2023\/08\/TOP_Video_BG.mp4'><\/video><div class='oxy-video-overlay'><\/div><\/div><div class=\"ct-section-inner-wrap\"><div id=\"code_block-21-18\" class=\"ct-code-block\" ><\/div><div id=\"div_block-3-18\" class=\"ct-div-block\"  data-aos=\"fade-up\" data-aos-duration=\"600\" data-aos-easing=\"ease-in-out\" data-aos-once=\"true\"><h1 id=\"headline-5-18\" class=\"ct-headline\">Anna<\/h1><div id=\"text_block-6-18\" class=\"ct-text-block\" >Dom go\u015bcinny<\/div><div id=\"div_block-635-18\" class=\"ct-div-block\" ><\/div><div id=\"text_block-8-18\" class=\"ct-text-block\" >Komfortowy i spokojny wypoczynek w Pobierowie\n\n<\/div><\/div><\/div><\/section><section id=\"o-nas\" class=\"ct-section\" ><div class=\"ct-section-inner-wrap\"><div id=\"div_block-649-18\" class=\"ct-div-block\" ><div id=\"div_block-637-18\" class=\"ct-div-block\"  data-aos=\"fade-up\" data-aos-duration=\"600\"><img decoding=\"async\"  id=\"image-638-18\" alt=\"\" src=\"https:\/\/annapobierowo.pl\/wp-content\/uploads\/2023\/08\/IMG_1699-2-scaled.jpeg\" class=\"ct-image cover-image\"\/><div id=\"div_block-639-18\" class=\"ct-div-block\" ><div id=\"text_block-640-18\" class=\"ct-text-block\" >IM ERDGESCHOSS<\/div><h3 id=\"headline-642-18\" class=\"ct-headline section-heading\">Pokoje<\/h3><div id=\"div_block-644-18\" class=\"ct-div-block\" ><\/div><div id=\"text_block-645-18\" class=\"ct-text-block\" >Trzykondygnacyjny murowany budynek zlokalizowany na ogrodzonej dzia\u0142ce oferuje pokoje 2,3,4,5 osobowe z w\u0142asnymi \u0142azienkami dla ponad 70 os\u00f3b. Cz\u0119\u015b\u0107 pokoi dla wygody rodzin wyposa\u017cona jest w \u0142\u00f3\u017cka ma\u0142\u017ce\u0144skie. W ka\u017cdym pokoju znajduje si\u0119 TV, czajnik bezprzewodowy, szklanki, parawan. Do dyspozycji go\u015bci du\u017cy murowany grill oraz miejsca do biesiadowania. Na terenie znajduje si\u0119 sto\u0142\u00f3wka w kt\u00f3rej serwowane s\u0105 \u015bniadania oraz obiady. Dla wygody wczasowicz\u00f3w nasza kuchnia serwuje domowe posi\u0142ki w czasie dogodnym dla naszych go\u015bci oraz wyb\u00f3r podawanych da\u0144.<br><\/div><a id=\"link_button-757-18\" class=\"ct-link-button secondary-btn\" href=\"https:\/\/annapobierowo.pl\/de\/pokoje\/\"   >Erfahren Sie mehr<\/a><\/div><\/div><div id=\"div_block-650-18\" class=\"ct-div-block\"  data-aos=\"fade-up\" data-aos-duration=\"600\"><div id=\"div_block-652-18\" class=\"ct-div-block\" ><div id=\"text_block-653-18\" class=\"ct-text-block\" >BESUCHEN SIE UNSERE<\/div><h3 id=\"headline-654-18\" class=\"ct-headline section-heading\">Kolonie<\/h3><div id=\"div_block-655-18\" class=\"ct-div-block\" ><\/div><div id=\"text_block-656-18\" class=\"ct-text-block\" >Kolonie w Pobierowie czekaj\u0105 na Ciebie! W Domu Go\u015bcinnym Anna otwieramy drzwi do \u015bwiata przyg\u00f3d nad morzem. Krystaliczne powietrze, pe\u0142ne urok\u00f3w okolice i ciep\u0142a atmosfera sprawi\u0105, \u017ce dzieci wr\u00f3c\u0105 pe\u0142ne wspania\u0142ych wspomnie\u0144. Zadbaj o niezapomniane wakacje swojego dziecka \u2013 rezerwuj teraz!<\/div><a id=\"link_button-759-18\" class=\"ct-link-button secondary-btn\" href=\"https:\/\/annapobierowo.pl\/de\/kolonie\/\"   >Erfahren Sie mehr<\/a><\/div><img decoding=\"async\"  id=\"image-651-18\" alt=\"\" src=\"https:\/\/annapobierowo.pl\/wp-content\/uploads\/2023\/08\/little-girl-enjoying-summer-vacation-at-the-sea-2023-08-04-20-53-13-utc-scaled.jpg\" class=\"ct-image cover-image\"\/><\/div><\/div><div id=\"div_block-738-18\" class=\"ct-div-block\" ><div id=\"div_block-664-18\" class=\"ct-div-block\" ><\/div><\/div><\/div><\/section><section id=\"section-858-18\" class=\"ct-section\" style=\"background-image: linear-gradient(rgba(255,255,255,0.8), rgba(255,255,255,0), rgba(255,255,255,0.8)), linear-gradient(rgba(255,255,255,0.83), rgba(255,255,255,0.83)), url(https:\/\/promisedland.nfhotel.usermd.net\/wp-content\/uploads\/2020\/11\/pattern8.jpg);background-size:auto, auto,  contain;\" ><div class=\"ct-section-inner-wrap\"><div id=\"div_block-859-18\" class=\"ct-div-block\" ><div id=\"div_block-860-18\" class=\"ct-div-block\" ><img decoding=\"async\"  id=\"image-861-18\" alt=\"\" src=\"https:\/\/annapobierowo.pl\/wp-content\/uploads\/2023\/08\/15-08-59-5214-1.webp\" class=\"ct-image cover-image\" data-aos=\"fade-right\" data-aos-duration=\"600\" data-aos-easing=\"ease-in-out\"\/><\/div><div id=\"div_block-862-18\" class=\"ct-div-block\"  data-aos=\"fade-down\" data-aos-duration=\"500\" data-aos-delay=\"300\"><h3 id=\"headline-863-18\" class=\"ct-headline section-heading\">Poznaj Pobierowo<\/h3><div id=\"div_block-864-18\" class=\"ct-div-block\" ><\/div><div id=\"text_block-865-18\" class=\"ct-text-block\" >Pobierowo to znana, nadba\u0142tycka miejscowo\u015b\u0107 wypoczynkowa, po\u0142o\u017cona w wojew\u00f3dztwie zachodniopomorskim, w powiecie gryfickim, nale\u017c\u0105ca do przepi\u0119knych teren\u00f3w Wybrze\u017ca Rewalskiego. Pobierowo jest najwi\u0119ksz\u0105 miejscowo\u015bci\u0105 Gminy Rewal (w kt\u00f3rej sk\u0142ad wchodz\u0105 r\u00f3wnie\u017c: Pustkowo, Trz\u0119sacz, Niechorze, Pogorzelica),zar\u00f3wno pod wzgl\u0119dem liczby ludno\u015bci, jak i powierzchni.<\/div><a id=\"link_button-866-18\" class=\"ct-link-button secondary-btn\" href=\"https:\/\/annapobierowo.pl\/de\/pobierowo\/\"   >Erfahren Sie mehr<\/a><\/div><\/div><\/div><\/section><div id=\"code_block-823-18\" class=\"ct-code-block\" ><div class=\"region-tooltip\">\n  Wybrze\u017ce rewalskie: <a href=\"https:\/\/annapobierowo.pl\/de\/pobierowo\/\">Pobierowo<\/a>, <a href=\"\/de\/pustkowo\/\">Pustkowo<\/a>, <a href=\"\/de\/trzesacz\/\">Trz\u0119sacz<\/a>, <a href=\"https:\/\/annapobierowo.pl\/de\/rewal\/\">Rewal<\/a>, <a href=\"https:\/\/annapobierowo.pl\/de\/niechorze\/\">Niechorze<\/a>, <a href=\"\/de\/pogorzelica\/\">Pogorzelica<\/a>.\n<\/div><\/div>","protected":false},"excerpt":{"rendered":"","protected":false},"author":1,"featured_media":0,"parent":0,"menu_order":0,"comment_status":"closed","ping_status":"closed","template":"","meta":{"footnotes":""},"class_list":["post-18","page","type-page","status-publish","hentry"],"acf":[],"yoast_head":"<!-- This site is optimized with the Yoast SEO plugin v23.3 - https:\/\/yoast.com\/wordpress\/plugins\/seo\/ -->\n<title>O nas - Dom Go\u015bcinny Anna<\/title>\n<meta name=\"description\" content=\"Odpocznij w Domu Go\u015bcinnym Anna w Pobierowie. Zapraszamy nad morze do Pobierowa na komfortowy wypoczynek.\" \/>\n<meta name=\"robots\" content=\"index, follow, max-snippet:-1, max-image-preview:large, max-video-preview:-1\" \/>\n<link rel=\"canonical\" href=\"https:\/\/annapobierowo.pl\/de\/\" \/>\n<meta property=\"og:locale\" content=\"de_DE\" \/>\n<meta property=\"og:type\" content=\"article\" \/>\n<meta property=\"og:title\" content=\"O nas - Dom Go\u015bcinny Anna\" \/>\n<meta property=\"og:description\" content=\"Odpocznij w Domu Go\u015bcinnym Anna w Pobierowie. Zapraszamy nad morze do Pobierowa na komfortowy wypoczynek.\" \/>\n<meta property=\"og:url\" content=\"https:\/\/annapobierowo.pl\/de\/\" \/>\n<meta property=\"og:site_name\" content=\"Dom Go\u015bcinny Anna\" \/>\n<meta property=\"article:modified_time\" content=\"2023-08-24T10:48:14+00:00\" \/>\n<meta name=\"twitter:card\" content=\"summary_large_image\" \/>\n<script type=\"application\/ld+json\" class=\"yoast-schema-graph\">{\"@context\":\"https:\/\/schema.org\",\"@graph\":[{\"@type\":\"WebPage\",\"@id\":\"https:\/\/annapobierowo.pl\/\",\"url\":\"https:\/\/annapobierowo.pl\/\",\"name\":\"O nas - Dom Go\u015bcinny Anna\",\"isPartOf\":{\"@id\":\"https:\/\/annapobierowo.pl\/#website\"},\"datePublished\":\"2020-06-10T07:19:28+00:00\",\"dateModified\":\"2023-08-24T10:48:14+00:00\",\"description\":\"Odpocznij w Domu Go\u015bcinnym Anna w Pobierowie. Zapraszamy nad morze do Pobierowa na komfortowy wypoczynek.\",\"breadcrumb\":{\"@id\":\"https:\/\/annapobierowo.pl\/#breadcrumb\"},\"inLanguage\":\"de\",\"potentialAction\":[{\"@type\":\"ReadAction\",\"target\":[\"https:\/\/annapobierowo.pl\/\"]}]},{\"@type\":\"BreadcrumbList\",\"@id\":\"https:\/\/annapobierowo.pl\/#breadcrumb\",\"itemListElement\":[{\"@type\":\"ListItem\",\"position\":1,\"name\":\"Strona g\u0142\u00f3wna\",\"item\":\"https:\/\/annapobierowo.pl\/\"},{\"@type\":\"ListItem\",\"position\":2,\"name\":\"O nas\"}]},{\"@type\":\"WebSite\",\"@id\":\"https:\/\/annapobierowo.pl\/#website\",\"url\":\"https:\/\/annapobierowo.pl\/\",\"name\":\"Dom Go\u015bcinny Anna\",\"description\":\"\",\"potentialAction\":[{\"@type\":\"SearchAction\",\"target\":{\"@type\":\"EntryPoint\",\"urlTemplate\":\"https:\/\/annapobierowo.pl\/?s={search_term_string}\"},\"query-input\":\"required name=search_term_string\"}],\"inLanguage\":\"de\"}]}<\/script>\n<!-- \/ Yoast SEO plugin. -->","yoast_head_json":{"title":"O nas - Dom Go\u015bcinny Anna","description":"Odpocznij w Domu Go\u015bcinnym Anna w Pobierowie. Zapraszamy nad morze do Pobierowa na komfortowy wypoczynek.","robots":{"index":"index","follow":"follow","max-snippet":"max-snippet:-1","max-image-preview":"max-image-preview:large","max-video-preview":"max-video-preview:-1"},"canonical":"https:\/\/annapobierowo.pl\/de\/","og_locale":"de_DE","og_type":"article","og_title":"O nas - Dom Go\u015bcinny Anna","og_description":"Odpocznij w Domu Go\u015bcinnym Anna w Pobierowie. Zapraszamy nad morze do Pobierowa na komfortowy wypoczynek.","og_url":"https:\/\/annapobierowo.pl\/de\/","og_site_name":"Dom Go\u015bcinny Anna","article_modified_time":"2023-08-24T10:48:14+00:00","twitter_card":"summary_large_image","schema":{"@context":"https:\/\/schema.org","@graph":[{"@type":"WebPage","@id":"https:\/\/annapobierowo.pl\/","url":"https:\/\/annapobierowo.pl\/","name":"O nas - Dom Go\u015bcinny Anna","isPartOf":{"@id":"https:\/\/annapobierowo.pl\/#website"},"datePublished":"2020-06-10T07:19:28+00:00","dateModified":"2023-08-24T10:48:14+00:00","description":"Odpocznij w Domu Go\u015bcinnym Anna w Pobierowie. Zapraszamy nad morze do Pobierowa na komfortowy wypoczynek.","breadcrumb":{"@id":"https:\/\/annapobierowo.pl\/#breadcrumb"},"inLanguage":"de","potentialAction":[{"@type":"ReadAction","target":["https:\/\/annapobierowo.pl\/"]}]},{"@type":"BreadcrumbList","@id":"https:\/\/annapobierowo.pl\/#breadcrumb","itemListElement":[{"@type":"ListItem","position":1,"name":"Strona g\u0142\u00f3wna","item":"https:\/\/annapobierowo.pl\/"},{"@type":"ListItem","position":2,"name":"O nas"}]},{"@type":"WebSite","@id":"https:\/\/annapobierowo.pl\/#website","url":"https:\/\/annapobierowo.pl\/","name":"Dom Go\u015bcinny Anna","description":"","potentialAction":[{"@type":"SearchAction","target":{"@type":"EntryPoint","urlTemplate":"https:\/\/annapobierowo.pl\/?s={search_term_string}"},"query-input":"required name=search_term_string"}],"inLanguage":"de"}]}},"_links":{"self":[{"href":"https:\/\/annapobierowo.pl\/de\/wp-json\/wp\/v2\/pages\/18"}],"collection":[{"href":"https:\/\/annapobierowo.pl\/de\/wp-json\/wp\/v2\/pages"}],"about":[{"href":"https:\/\/annapobierowo.pl\/de\/wp-json\/wp\/v2\/types\/page"}],"author":[{"embeddable":true,"href":"https:\/\/annapobierowo.pl\/de\/wp-json\/wp\/v2\/users\/1"}],"replies":[{"embeddable":true,"href":"https:\/\/annapobierowo.pl\/de\/wp-json\/wp\/v2\/comments?post=18"}],"version-history":[{"count":71,"href":"https:\/\/annapobierowo.pl\/de\/wp-json\/wp\/v2\/pages\/18\/revisions"}],"predecessor-version":[{"id":880,"href":"https:\/\/annapobierowo.pl\/de\/wp-json\/wp\/v2\/pages\/18\/revisions\/880"}],"wp:attachment":[{"href":"https:\/\/annapobierowo.pl\/de\/wp-json\/wp\/v2\/media?parent=18"}],"curies":[{"name":"wp","href":"https:\/\/api.w.org\/{rel}","templated":true}]}}