{"id":591,"date":"2020-11-23T15:19:20","date_gmt":"2020-11-23T14:19:20","guid":{"rendered":"https:\/\/balticseaside.com\/?page_id=591"},"modified":"2023-08-10T10:33:56","modified_gmt":"2023-08-10T08:33:56","slug":"pobierowo","status":"publish","type":"page","link":"https:\/\/annapobierowo.pl\/de\/pobierowo","title":{"rendered":"Pobierowo"},"content":{"rendered":"<div class=\"wp-block-columns alignfull is-layout-flex wp-container-core-columns-is-layout-1 wp-block-columns-is-layout-flex\">\n<div class=\"wp-block-column is-layout-flow wp-block-column-is-layout-flow\" style=\"flex-basis:100%\">\n<div class=\"wp-block-group alignfull\"><div class=\"wp-block-group__inner-container is-layout-flow wp-block-group-is-layout-flow\"><div id=\"div_block-3-591\" class=\"ct-div-block\" ><div id=\"div_block-4-591\" class=\"ct-div-block top-motion\" ><\/div><\/div><div id=\"div_block-5-591\" class=\"ct-div-block s1-template\" ><section id=\"section-6-591\" class=\"ct-section\" ><div class=\"ct-section-inner-wrap\"><div id=\"div_block-7-591\" class=\"ct-div-block\" ><div id=\"div_block-8-591\" class=\"ct-div-block\"  data-aos=\"fade\" data-aos-duration=\"600\" data-aos-offset=\"-200\" data-aos-delay=\"600\" data-aos-once=\"true\"><\/div><div id=\"div_block-9-591\" class=\"ct-div-block\"  data-aos=\"fade\" data-aos-duration=\"600\"><h2 id=\"headline-10-591\" class=\"ct-headline section-heading\">Pobierowo<br><\/h2><div id=\"text_block-11-591\" class=\"ct-text-block\" >Pobierowo&nbsp;\u2013 znana, nadba\u0142tycka miejscowo\u015b\u0107 wypoczynkowa, po\u0142o\u017cona w wojew\u00f3dztwie zachodniopomorskim, w powiecie gryfickim, nale\u017c\u0105ca do przepi\u0119knych teren\u00f3w Wybrze\u017ca Rewalskiego. Pobierowo jest najwi\u0119ksz\u0105 miejscowo\u015bci\u0105 Gminy&nbsp;<a href=\"https:\/\/annapobierowo.pl\/de\/rewal\/\">Rewal<\/a>&nbsp;(w kt\u00f3rej sk\u0142ad wchodz\u0105 r\u00f3wnie\u017c: Pustkowo, Trz\u0119sacz,&nbsp;<a href=\"https:\/\/annapobierowo.pl\/de\/niechorze\/\">Niechorze<\/a>, Pogorzelica),zar\u00f3wno pod wzgl\u0119dem liczby ludno\u015bci, jak i powierzchni. Wed\u0142ug pomiar\u00f3w na dzie\u0144 31.12.2013r. mieszka\u0142o tutaj 1116 sta\u0142ych mieszka\u0144c\u00f3w. Miejscowo\u015b\u0107 obejmuje za\u015b obszar 7858,933m2.  <br><\/div><h4 id=\"headline-12-591\" class=\"ct-headline\">Herzlich Willkommen<\/h4><\/div><\/div><div id=\"div_block-123-591\" class=\"ct-div-block\" ><div id=\"div_block-13-591\" class=\"ct-div-block\" ><div id=\"div_block-14-591\" class=\"ct-div-block\"  data-aos=\"fade-up\" data-aos-duration=\"600\" data-aos-once=\"true\"><\/div><div id=\"div_block-15-591\" class=\"ct-div-block\"  data-aos=\"fade-up\" data-aos-duration=\"600\" data-aos-delay=\"200\" data-aos-once=\"true\"><\/div><div id=\"div_block-16-591\" class=\"ct-div-block\"  data-aos=\"fade-up\" data-aos-duration=\"600\" data-aos-delay=\"400\" data-aos-once=\"true\"><\/div><\/div><\/div><\/div><\/section><\/div><section id=\"section-20-591\" class=\"ct-section\"  data-aos=\"fade\" data-aos-duration=\"1250\" data-aos-delay=\"100\" data-aos-once=\"true\"><div class=\"ct-section-inner-wrap\"><div id=\"div_block-21-591\" class=\"ct-div-block\" ><div id=\"div_block-22-591\" class=\"ct-div-block\" ><img decoding=\"async\"  id=\"image-23-591\" alt=\"\" src=\"\/wp-content\/uploads\/2023\/08\/15-08-58-2475.webp\" class=\"ct-image cover-image\"\/><\/div><div id=\"div_block-24-591\" class=\"ct-div-block\" ><img decoding=\"async\"  id=\"image-25-591\" alt=\"\" src=\"\/wp-content\/uploads\/2023\/08\/15-08-58-4971.webp\" class=\"ct-image cover-image\"\/><\/div><\/div><div id=\"div_block-26-591\" class=\"ct-div-block\" ><div id=\"div_block-29-591\" class=\"ct-div-block\" ><img decoding=\"async\"  id=\"image-30-591\" alt=\"\" src=\"\/wp-content\/uploads\/2023\/08\/15-08-48-4819.webp\" class=\"ct-image cover-image\"\/><\/div><\/div><div id=\"div_block-31-591\" class=\"ct-div-block\" ><div id=\"div_block-32-591\" class=\"ct-div-block\" ><img decoding=\"async\"  id=\"image-33-591\" alt=\"\" src=\"\/wp-content\/uploads\/2023\/08\/32-13-38-5869.webp\" class=\"ct-image cover-image\"\/><\/div><\/div><div id=\"div_block-34-591\" class=\"ct-div-block\" ><div id=\"div_block-35-591\" class=\"ct-div-block\" ><img decoding=\"async\"  id=\"image-36-591\" alt=\"\" src=\"https:\/\/annapobierowo.pl\/wp-content\/uploads\/2023\/08\/15-09-19-4123.webp\" class=\"ct-image cover-image\"\/><\/div><div id=\"div_block-37-591\" class=\"ct-div-block\" ><img decoding=\"async\"  id=\"image-38-591\" alt=\"\" src=\"\/wp-content\/uploads\/2023\/08\/15-08-53-511.webp\" class=\"ct-image cover-image\"\/><\/div><div id=\"div_block-39-591\" class=\"ct-div-block\" ><img decoding=\"async\"  id=\"image-40-591\" alt=\"\" src=\"\/wp-content\/uploads\/2023\/08\/15-08-52-2625.webp\" class=\"ct-image cover-image\"\/><\/div><\/div><div id=\"div_block-41-591\" class=\"ct-div-block\" ><div id=\"div_block-44-591\" class=\"ct-div-block\" ><img decoding=\"async\"  id=\"image-45-591\" alt=\"\" src=\"\/wp-content\/uploads\/2023\/08\/baltic-sea-at-sunset-2022-12-18-11-18-17-utc-scaled.jpg\" class=\"ct-image cover-image\"\/><\/div><div id=\"div_block-42-591\" class=\"ct-div-block\" ><img decoding=\"async\"  id=\"image-43-591\" alt=\"\" src=\"\/wp-content\/uploads\/2023\/08\/beach-grass-on-dune-baltic-sea-at-sunset-2022-12-16-11-06-56-utc-scaled.jpg\" class=\"ct-image cover-image\"\/><\/div><\/div><\/div><\/section><section id=\"section-46-591\" class=\"ct-section\" ><div class=\"ct-section-inner-wrap\"><div id=\"div_block-50-591\" class=\"ct-div-block\" ><div id=\"div_block-47-591\" class=\"ct-div-block\" ><\/div><h1 id=\"headline-48-591\" class=\"ct-headline section-heading\">Attraktionen<\/h1><div id=\"text_block-121-591\" class=\"ct-text-block\" ><a id=\"span-122-591\" class=\"ct-link-text\" href=\"https:\/\/pobierowo.net.pl\/atrakcje\" target=\"_blank\"  >Atrakcje Pobierowa<\/a>&nbsp;nie ograniczaj\u0105 si\u0119 jedynie do pi\u0119knych pla\u017c. Tutaj ka\u017cdy odnajdzie co\u015b dla siebie, zar\u00f3wno entuzja\u015bci aktywnego wypoczynku, jak i szukaj\u0105cy ciszy oraz spokoju: oceanarium z niesamowitymi zwierz\u0119tami morskimi, pobierowskie atrakcje, magiczny odwr\u00f3cony dom, rozmaite trasy rowerowe i wiele wi\u0119cej. Nie czekaj, przyjed\u017a do Pobierowa! Czekamy na Twoj\u0105 wizyt\u0119!<\/div><\/div><div id=\"div_block-65-591\" class=\"ct-div-block\"  data-aos=\"fade-right\" data-aos-duration=\"1250\" data-aos-once=\"true\"><div id=\"div_block-66-591\" class=\"ct-div-block card-container\" ><div id=\"div_block-71-591\" class=\"ct-div-block card\" ><div id=\"div_block-72-591\" class=\"ct-div-block card-front\" ><\/div><div id=\"div_block-68-591\" class=\"ct-div-block card-back\" ><div id=\"div_block-74-591\" class=\"ct-div-block\" ><div id=\"text_block-75-591\" class=\"ct-text-block\" >W Pobierowie znajduje si\u0119 Magiczny Domek, gdzie zasady fizyki zdaj\u0105 si\u0119 by\u0107 zawieszone. Tutaj, sto\u0142y unosz\u0105 si\u0119 pod sufitem, a ludzie spaceruj\u0105 po suficie z g\u0142owami ku g\u00f3rze. Mimo \u017ce wn\u0119trze wygl\u0105da jak codzienne mieszkanie z typowymi przedmiotami, nasze zmys\u0142y zostaj\u0105 wprowadzone w b\u0142\u0105d, a nasza r\u00f3wnowaga zdaje si\u0119 chwia\u0107.<br><\/div><\/div><\/div><\/div><div id=\"div_block-69-591\" class=\"ct-div-block\" ><div id=\"text_block-70-591\" class=\"ct-text-block\" >Magiczny Domek<\/div><\/div><\/div><div id=\"div_block-104-591\" class=\"ct-div-block card-container\" ><div id=\"div_block-105-591\" class=\"ct-div-block card\" ><div id=\"div_block-106-591\" class=\"ct-div-block card-front\" ><\/div><div id=\"div_block-107-591\" class=\"ct-div-block card-back\" ><div id=\"div_block-108-591\" class=\"ct-div-block\" ><div id=\"text_block-109-591\" class=\"ct-text-block\" >Pla\u017ca w Pobierowie rozci\u0105ga si\u0119 na d\u0142ugo\u015b\u0107 400 m, w tym strze\u017cona cz\u0119\u015b\u0107 dost\u0119pna od 10:00 do 18:00 podczas sezonu. Jej pocz\u0105tek znajduje si\u0119 przy zej\u015bciu z ulicy Jana z Kolna, skierowanym ku zachodowi. Kolejny, 100-metrowy fragment k\u0105pieliska strze\u017conego, umiejscowiony jest na wsch\u00f3d od schod\u00f3w przy ul. Ciechanowskiej.&nbsp;<br><\/div><\/div><\/div><\/div><div id=\"div_block-110-591\" class=\"ct-div-block\" ><div id=\"text_block-111-591\" class=\"ct-text-block\" >Pla\u017ca w Pobierowie<\/div><\/div><\/div><div id=\"div_block-87-591\" class=\"ct-div-block card-container\" ><div id=\"div_block-88-591\" class=\"ct-div-block card\" ><div id=\"div_block-89-591\" class=\"ct-div-block card-front\" ><\/div><div id=\"div_block-90-591\" class=\"ct-div-block card-back\" ><div id=\"div_block-91-591\" class=\"ct-div-block\" ><div id=\"text_block-92-591\" class=\"ct-text-block\" >Marzysz o podr\u00f3\u017cy do dzikiego zachodu, gdzie szeryfy i rewolwerowcy rz\u0105dz\u0105?<br><a href=\"https:\/\/pobierowo.net.pl\">Pobierowo<\/a>&nbsp;przenosi Ci\u0119 wprost w tamte czasy!<br>Prze\u017cyj przygod\u0119 w duchu starych Western\u00f3w, odwiedzaj\u0105c strzelnic\u0119 Gwiazda Szeryfa.<br>Zabawa pe\u0142na emocji, lecz ca\u0142kowicie bezpieczna!&nbsp;<br><\/div><\/div><\/div><\/div><div id=\"div_block-93-591\" class=\"ct-div-block\" ><div id=\"text_block-94-591\" class=\"ct-text-block\" >Strzelnica Gwiazda Szeryfa<\/div><\/div><\/div><\/div><div id=\"div_block-95-591\" class=\"ct-div-block\"  data-aos=\"fade-right\" data-aos-duration=\"1250\" data-aos-once=\"true\"><div id=\"div_block-96-591\" class=\"ct-div-block card-container\" ><div id=\"div_block-97-591\" class=\"ct-div-block card\" ><div id=\"div_block-98-591\" class=\"ct-div-block card-front\" ><\/div><div id=\"div_block-99-591\" class=\"ct-div-block card-back\" ><div id=\"div_block-100-591\" class=\"ct-div-block\" ><div id=\"text_block-101-591\" class=\"ct-text-block\" >Zetknij si\u0119 twarz\u0105 w twarz z majestatycznym rekinem, zwinymi murenami oraz kolorowymi b\u0142azenkami prosto z opowie\u015bci o Nemo. W\u015br\u00f3d naszych podwodnych mieszka\u0144c\u00f3w znajdziesz r\u00f3wnie\u017c p\u0142aszczki, ostronogie piranie, skrzydlice, spokojne \u017c\u00f3\u0142wie i ryby, kt\u00f3re goszcz\u0105 w\u015br\u00f3d raf koralowych.<br><\/div><\/div><\/div><\/div><div id=\"div_block-102-591\" class=\"ct-div-block\" ><div id=\"text_block-103-591\" class=\"ct-text-block\" >Oceanarium<\/div><\/div><\/div><div id=\"div_block-112-591\" class=\"ct-div-block card-container\" ><div id=\"div_block-113-591\" class=\"ct-div-block card\" ><div id=\"div_block-114-591\" class=\"ct-div-block card-front\" ><\/div><div id=\"div_block-115-591\" class=\"ct-div-block card-back\" ><div id=\"div_block-116-591\" class=\"ct-div-block\" ><div id=\"text_block-117-591\" class=\"ct-text-block\" >Korty tenisowe w Pustkowie to dwa wyspecjalizowane boiska po\u0142o\u017cone przy ulicy Spacerowej, dost\u0119pne dla mi\u0142o\u015bnik\u00f3w tenisa za niewysok\u0105 op\u0142at\u0105. Co roku, w lipcu, te pustkowskie areny staj\u0105 si\u0119 miejscem licznych rywalizacji tenisowych.<br><\/div><\/div><\/div><\/div><div id=\"div_block-118-591\" class=\"ct-div-block\" ><div id=\"text_block-119-591\" class=\"ct-text-block\" >Korty tenisowe w pustkowie<\/div><\/div><\/div><div id=\"div_block-79-591\" class=\"ct-div-block card-container\" ><div id=\"div_block-80-591\" class=\"ct-div-block card\" ><div id=\"div_block-81-591\" class=\"ct-div-block card-front\" ><\/div><div id=\"div_block-82-591\" class=\"ct-div-block card-back\" ><div id=\"div_block-83-591\" class=\"ct-div-block\" ><div id=\"text_block-84-591\" class=\"ct-text-block\" >In dem Papageigehege in Pobierowo k\u00f6nnen Sie sich inmitten zahlreicher Papageien frei bewegen. Wenn Sie etwas Gl\u00fcck haben, landet einer direkt auf Ihrer Schulter.<br><\/div><\/div><\/div><\/div><div id=\"div_block-85-591\" class=\"ct-div-block\" ><div id=\"text_block-86-591\" class=\"ct-text-block\" >PAPAGEIGEHEGE<\/div><\/div><\/div><\/div><img decoding=\"async\"  id=\"image-120-591\" alt=\"\" src=\"\/wp-content\/uploads\/2023\/08\/9.png\" class=\"ct-image\" data-aos=\"fade\" data-aos-duration=\"700\"\/><\/div><\/section><\/div><\/div>\n<\/div>\n<\/div>","protected":false},"excerpt":{"rendered":"","protected":false},"author":1,"featured_media":0,"parent":0,"menu_order":0,"comment_status":"closed","ping_status":"closed","template":"","meta":{"footnotes":""},"class_list":["post-591","page","type-page","status-publish","hentry"],"acf":[],"yoast_head":"<!-- This site is optimized with the Yoast SEO plugin v23.3 - https:\/\/yoast.com\/wordpress\/plugins\/seo\/ -->\n<title>Pobierowo - Dom Go\u015bcinny Anna<\/title>\n<meta name=\"description\" content=\"Odpocznij w Domu Go\u015bcinnym Anna w Pobierowie. Zapraszamy do Pobierowa na komfortowy wypoczynek.\" \/>\n<meta name=\"robots\" content=\"index, follow, max-snippet:-1, max-image-preview:large, max-video-preview:-1\" \/>\n<link rel=\"canonical\" href=\"https:\/\/annapobierowo.pl\/de\/pobierowo\/\" \/>\n<meta property=\"og:locale\" content=\"de_DE\" \/>\n<meta property=\"og:type\" content=\"article\" \/>\n<meta property=\"og:title\" content=\"Pobierowo - Dom Go\u015bcinny Anna\" \/>\n<meta property=\"og:description\" content=\"Odpocznij w Domu Go\u015bcinnym Anna w Pobierowie. Zapraszamy do Pobierowa na komfortowy wypoczynek.\" \/>\n<meta property=\"og:url\" content=\"https:\/\/annapobierowo.pl\/de\/pobierowo\/\" \/>\n<meta property=\"og:site_name\" content=\"Dom Go\u015bcinny Anna\" \/>\n<meta property=\"article:modified_time\" content=\"2023-08-10T08:33:56+00:00\" \/>\n<meta name=\"twitter:card\" content=\"summary_large_image\" \/>\n<script type=\"application\/ld+json\" class=\"yoast-schema-graph\">{\"@context\":\"https:\/\/schema.org\",\"@graph\":[{\"@type\":\"WebPage\",\"@id\":\"https:\/\/annapobierowo.pl\/pobierowo\",\"url\":\"https:\/\/annapobierowo.pl\/pobierowo\",\"name\":\"Pobierowo - Dom Go\u015bcinny Anna\",\"isPartOf\":{\"@id\":\"https:\/\/annapobierowo.pl\/#website\"},\"datePublished\":\"2020-11-23T14:19:20+00:00\",\"dateModified\":\"2023-08-10T08:33:56+00:00\",\"description\":\"Odpocznij w Domu Go\u015bcinnym Anna w Pobierowie. Zapraszamy do Pobierowa na komfortowy wypoczynek.\",\"breadcrumb\":{\"@id\":\"https:\/\/annapobierowo.pl\/pobierowo#breadcrumb\"},\"inLanguage\":\"de\",\"potentialAction\":[{\"@type\":\"ReadAction\",\"target\":[\"https:\/\/annapobierowo.pl\/pobierowo\"]}]},{\"@type\":\"BreadcrumbList\",\"@id\":\"https:\/\/annapobierowo.pl\/pobierowo#breadcrumb\",\"itemListElement\":[{\"@type\":\"ListItem\",\"position\":1,\"name\":\"Strona g\u0142\u00f3wna\",\"item\":\"https:\/\/annapobierowo.pl\/\"},{\"@type\":\"ListItem\",\"position\":2,\"name\":\"Pobierowo\"}]},{\"@type\":\"WebSite\",\"@id\":\"https:\/\/annapobierowo.pl\/#website\",\"url\":\"https:\/\/annapobierowo.pl\/\",\"name\":\"Dom Go\u015bcinny Anna\",\"description\":\"\",\"potentialAction\":[{\"@type\":\"SearchAction\",\"target\":{\"@type\":\"EntryPoint\",\"urlTemplate\":\"https:\/\/annapobierowo.pl\/?s={search_term_string}\"},\"query-input\":\"required name=search_term_string\"}],\"inLanguage\":\"de\"}]}<\/script>\n<!-- \/ Yoast SEO plugin. -->","yoast_head_json":{"title":"Pobierowo - Dom Go\u015bcinny Anna","description":"Odpocznij w Domu Go\u015bcinnym Anna w Pobierowie. Zapraszamy do Pobierowa na komfortowy wypoczynek.","robots":{"index":"index","follow":"follow","max-snippet":"max-snippet:-1","max-image-preview":"max-image-preview:large","max-video-preview":"max-video-preview:-1"},"canonical":"https:\/\/annapobierowo.pl\/de\/pobierowo\/","og_locale":"de_DE","og_type":"article","og_title":"Pobierowo - Dom Go\u015bcinny Anna","og_description":"Odpocznij w Domu Go\u015bcinnym Anna w Pobierowie. Zapraszamy do Pobierowa na komfortowy wypoczynek.","og_url":"https:\/\/annapobierowo.pl\/de\/pobierowo\/","og_site_name":"Dom Go\u015bcinny Anna","article_modified_time":"2023-08-10T08:33:56+00:00","twitter_card":"summary_large_image","schema":{"@context":"https:\/\/schema.org","@graph":[{"@type":"WebPage","@id":"https:\/\/annapobierowo.pl\/pobierowo","url":"https:\/\/annapobierowo.pl\/pobierowo","name":"Pobierowo - Dom Go\u015bcinny Anna","isPartOf":{"@id":"https:\/\/annapobierowo.pl\/#website"},"datePublished":"2020-11-23T14:19:20+00:00","dateModified":"2023-08-10T08:33:56+00:00","description":"Odpocznij w Domu Go\u015bcinnym Anna w Pobierowie. Zapraszamy do Pobierowa na komfortowy wypoczynek.","breadcrumb":{"@id":"https:\/\/annapobierowo.pl\/pobierowo#breadcrumb"},"inLanguage":"de","potentialAction":[{"@type":"ReadAction","target":["https:\/\/annapobierowo.pl\/pobierowo"]}]},{"@type":"BreadcrumbList","@id":"https:\/\/annapobierowo.pl\/pobierowo#breadcrumb","itemListElement":[{"@type":"ListItem","position":1,"name":"Strona g\u0142\u00f3wna","item":"https:\/\/annapobierowo.pl\/"},{"@type":"ListItem","position":2,"name":"Pobierowo"}]},{"@type":"WebSite","@id":"https:\/\/annapobierowo.pl\/#website","url":"https:\/\/annapobierowo.pl\/","name":"Dom Go\u015bcinny Anna","description":"","potentialAction":[{"@type":"SearchAction","target":{"@type":"EntryPoint","urlTemplate":"https:\/\/annapobierowo.pl\/?s={search_term_string}"},"query-input":"required name=search_term_string"}],"inLanguage":"de"}]}},"_links":{"self":[{"href":"https:\/\/annapobierowo.pl\/de\/wp-json\/wp\/v2\/pages\/591"}],"collection":[{"href":"https:\/\/annapobierowo.pl\/de\/wp-json\/wp\/v2\/pages"}],"about":[{"href":"https:\/\/annapobierowo.pl\/de\/wp-json\/wp\/v2\/types\/page"}],"author":[{"embeddable":true,"href":"https:\/\/annapobierowo.pl\/de\/wp-json\/wp\/v2\/users\/1"}],"replies":[{"embeddable":true,"href":"https:\/\/annapobierowo.pl\/de\/wp-json\/wp\/v2\/comments?post=591"}],"version-history":[{"count":5,"href":"https:\/\/annapobierowo.pl\/de\/wp-json\/wp\/v2\/pages\/591\/revisions"}],"predecessor-version":[{"id":896,"href":"https:\/\/annapobierowo.pl\/de\/wp-json\/wp\/v2\/pages\/591\/revisions\/896"}],"wp:attachment":[{"href":"https:\/\/annapobierowo.pl\/de\/wp-json\/wp\/v2\/media?parent=591"}],"curies":[{"name":"wp","href":"https:\/\/api.w.org\/{rel}","templated":true}]}}